{"id":1641,"date":"2023-09-07T13:49:24","date_gmt":"2023-09-07T11:49:24","guid":{"rendered":"https:\/\/brasserie.borivage.be\/?page_id=1641"},"modified":"2025-02-18T15:54:46","modified_gmt":"2025-02-18T14:54:46","slug":"jobs","status":"publish","type":"page","link":"https:\/\/brasserie.borivage.be\/en\/jobs\/","title":{"rendered":"Jobs"},"content":{"rendered":"\t\t<div data-elementor-type=\"wp-page\" data-elementor-id=\"1641\" class=\"elementor elementor-1641\" data-elementor-post-type=\"page\">\n\t\t\t\t\t\t<section class=\"elementor-section elementor-top-section elementor-element elementor-element-9718195 elementor-section-stretched elementor-section-boxed elementor-section-height-default elementor-section-height-default\" data-id=\"9718195\" data-element_type=\"section\" data-e-type=\"section\" data-settings=\"{&quot;stretch_section&quot;:&quot;section-stretched&quot;}\">\n\t\t\t\t\t\t<div class=\"elementor-container elementor-column-gap-default\">\n\t\t\t\t\t<div class=\"elementor-column elementor-col-25 elementor-top-column elementor-element elementor-element-ab350b6\" data-id=\"ab350b6\" data-element_type=\"column\" data-e-type=\"column\">\n\t\t\t<div class=\"elementor-widget-wrap elementor-element-populated\">\n\t\t\t\t\t\t<div class=\"elementor-element elementor-element-878b377 elementor-widget elementor-widget-image\" data-id=\"878b377\" data-element_type=\"widget\" data-e-type=\"widget\" data-settings=\"{&quot;_animation_mobile&quot;:&quot;fadeIn&quot;}\" data-widget_type=\"image.default\">\n\t\t\t\t<div class=\"elementor-widget-container\">\n\t\t\t\t\t\t\t\t\t\t\t\t\t\t\t\t<a href=\"\/\">\n\t\t\t\t\t\t\t<img fetchpriority=\"high\" decoding=\"async\" width=\"525\" height=\"456\" src=\"https:\/\/brasserie.borivage.be\/wp-content\/uploads\/2020\/06\/logo-favicon-fondBlanc2-1024x889.png\" class=\"attachment-large size-large wp-image-71\" alt=\"\" srcset=\"https:\/\/brasserie.borivage.be\/wp-content\/uploads\/2020\/06\/logo-favicon-fondBlanc2-1024x889.png 1024w, https:\/\/brasserie.borivage.be\/wp-content\/uploads\/2020\/06\/logo-favicon-fondBlanc2-300x260.png 300w, https:\/\/brasserie.borivage.be\/wp-content\/uploads\/2020\/06\/logo-favicon-fondBlanc2-768x667.png 768w, https:\/\/brasserie.borivage.be\/wp-content\/uploads\/2020\/06\/logo-favicon-fondBlanc2.png 1229w\" sizes=\"100vw\" \/>\t\t\t\t\t\t\t\t<\/a>\n\t\t\t\t\t\t\t\t\t\t\t\t\t\t\t<\/div>\n\t\t\t\t<\/div>\n\t\t\t\t\t<\/div>\n\t\t<\/div>\n\t\t\t\t<div class=\"elementor-column elementor-col-25 elementor-top-column elementor-element elementor-element-3c16b42\" data-id=\"3c16b42\" data-element_type=\"column\" data-e-type=\"column\">\n\t\t\t<div class=\"elementor-widget-wrap elementor-element-populated\">\n\t\t\t\t\t\t<div class=\"elementor-element elementor-element-f98decf elementor-widget elementor-widget-heading\" data-id=\"f98decf\" data-element_type=\"widget\" data-e-type=\"widget\" data-widget_type=\"heading.default\">\n\t\t\t\t<div class=\"elementor-widget-container\">\n\t\t\t\t\t<h2 class=\"elementor-heading-title elementor-size-default\">Jobs<\/h2>\t\t\t\t<\/div>\n\t\t\t\t<\/div>\n\t\t\t\t\t<\/div>\n\t\t<\/div>\n\t\t\t\t<div class=\"elementor-column elementor-col-25 elementor-top-column elementor-element elementor-element-48ae8d4\" data-id=\"48ae8d4\" data-element_type=\"column\" data-e-type=\"column\">\n\t\t\t<div class=\"elementor-widget-wrap elementor-element-populated\">\n\t\t\t\t\t\t<div class=\"elementor-element elementor-element-614043f elementor-shape-rounded elementor-grid-0 e-grid-align-center elementor-widget elementor-widget-social-icons\" data-id=\"614043f\" data-element_type=\"widget\" data-e-type=\"widget\" data-widget_type=\"social-icons.default\">\n\t\t\t\t<div class=\"elementor-widget-container\">\n\t\t\t\t\t\t\t<div class=\"elementor-social-icons-wrapper elementor-grid\" role=\"list\">\n\t\t\t\t\t\t\t<span class=\"elementor-grid-item\" role=\"listitem\">\n\t\t\t\t\t<a class=\"elementor-icon elementor-social-icon elementor-social-icon-facebook elementor-animation-shrink elementor-repeater-item-4961630\" href=\"https:\/\/www.facebook.com\/Brasserie-B%C3%B4-Rivage-112921413796753\/\" target=\"_blank\">\n\t\t\t\t\t\t<span class=\"elementor-screen-only\">Facebook<\/span>\n\t\t\t\t\t\t<i aria-hidden=\"true\" class=\"fab fa-facebook\"><\/i>\t\t\t\t\t<\/a>\n\t\t\t\t<\/span>\n\t\t\t\t\t\t\t<span class=\"elementor-grid-item\" role=\"listitem\">\n\t\t\t\t\t<a class=\"elementor-icon elementor-social-icon elementor-social-icon-instagram elementor-animation-shrink elementor-repeater-item-6d47a5c\" href=\"https:\/\/www.instagram.com\/bo.rivage\" target=\"_blank\">\n\t\t\t\t\t\t<span class=\"elementor-screen-only\">Instagram<\/span>\n\t\t\t\t\t\t<i aria-hidden=\"true\" class=\"fab fa-instagram\"><\/i>\t\t\t\t\t<\/a>\n\t\t\t\t<\/span>\n\t\t\t\t\t<\/div>\n\t\t\t\t\t\t<\/div>\n\t\t\t\t<\/div>\n\t\t\t\t\t<\/div>\n\t\t<\/div>\n\t\t\t\t<div class=\"elementor-column elementor-col-25 elementor-top-column elementor-element elementor-element-5fb84ae\" data-id=\"5fb84ae\" data-element_type=\"column\" data-e-type=\"column\">\n\t\t\t<div class=\"elementor-widget-wrap elementor-element-populated\">\n\t\t\t\t\t\t<div class=\"elementor-element elementor-element-7029189 elementor-align-right elementor-widget-tablet__width-initial elementor-absolute elementor-widget elementor-widget-button\" data-id=\"7029189\" data-element_type=\"widget\" data-e-type=\"widget\" data-settings=\"{&quot;sticky&quot;:&quot;top&quot;,&quot;sticky_offset&quot;:30,&quot;sticky_offset_tablet&quot;:12,&quot;sticky_offset_mobile&quot;:40,&quot;sticky_effects_offset&quot;:150,&quot;_position&quot;:&quot;absolute&quot;,&quot;sticky_on&quot;:[&quot;desktop&quot;,&quot;tablet&quot;,&quot;mobile&quot;],&quot;sticky_anchor_link_offset&quot;:0}\" data-widget_type=\"button.default\">\n\t\t\t\t<div class=\"elementor-widget-container\">\n\t\t\t\t\t\t\t\t\t<div class=\"elementor-button-wrapper\">\n\t\t\t\t\t<a class=\"elementor-button elementor-button-link elementor-size-sm\" href=\"#reservation\">\n\t\t\t\t\t\t<span class=\"elementor-button-content-wrapper\">\n\t\t\t\t\t\t\t\t\t<span class=\"elementor-button-text\">R\u00e9servations<\/span>\n\t\t\t\t\t<\/span>\n\t\t\t\t\t<\/a>\n\t\t\t\t<\/div>\n\t\t\t\t\t\t\t\t<\/div>\n\t\t\t\t<\/div>\n\t\t\t\t\t<\/div>\n\t\t<\/div>\n\t\t\t\t\t<\/div>\n\t\t<\/section>\n\t\t\t\t<section class=\"elementor-section elementor-top-section elementor-element elementor-element-716b56d elementor-section-height-min-height elementor-section-boxed elementor-section-height-default elementor-section-items-middle\" data-id=\"716b56d\" data-element_type=\"section\" data-e-type=\"section\" data-settings=\"{&quot;background_background&quot;:&quot;classic&quot;}\">\n\t\t\t\t\t\t\t<div class=\"elementor-background-overlay\"><\/div>\n\t\t\t\t\t\t\t<div class=\"elementor-container elementor-column-gap-default\">\n\t\t\t\t\t<div class=\"elementor-column elementor-col-100 elementor-top-column elementor-element elementor-element-1f6c371\" data-id=\"1f6c371\" data-element_type=\"column\" data-e-type=\"column\">\n\t\t\t<div class=\"elementor-widget-wrap elementor-element-populated\">\n\t\t\t\t\t\t<div class=\"elementor-element elementor-element-e58cbe0 elementor-widget elementor-widget-text-editor\" data-id=\"e58cbe0\" data-element_type=\"widget\" data-e-type=\"widget\" data-widget_type=\"text-editor.default\">\n\t\t\t\t<div class=\"elementor-widget-container\">\n\t\t\t\t\t\t\t\t\t<p><strong>Rejoignez notre \u00e9quipe passionn\u00e9e par la restauration !<\/strong><\/p><p>Vous \u00eates passionn\u00e9(e) par la restauration, la cr\u00e9ation de recettes savoureuses et l\u2019offre d\u2019une exp\u00e9rience client exceptionnelle ? D\u00e9couvrez nos offres d\u2019emploi.<\/p><p>Si aucune offre ne correspond \u00e0 votre profil, n&rsquo;h\u00e9sitez pas \u00e0 nous envoyer votre CV \u00e0<strong> direction.neufchateau@florealgroup.be.<\/strong><\/p><p><strong>Vous pr\u00e9f\u00e9rez l\u2019h\u00f4tellerie ? <\/strong>Explorez nos opportunit\u00e9s d\u2019emploi pour notre h\u00f4tel<strong><a href=\"https:\/\/hotel.borivage.be\/fr_fr\/jobs\/\"> ici<\/a><\/strong>, situ\u00e9 \u00e0 quelques pas de la brasserie.<\/p>\t\t\t\t\t\t\t\t<\/div>\n\t\t\t\t<\/div>\n\t\t\t\t<div class=\"elementor-element elementor-element-819c261 elementor-grid-3 elementor-grid-tablet-2 elementor-grid-mobile-1 elementor-posts--thumbnail-top elementor-card-shadow-yes elementor-posts__hover-gradient elementor-widget elementor-widget-posts\" data-id=\"819c261\" data-element_type=\"widget\" data-e-type=\"widget\" data-settings=\"{&quot;cards_columns&quot;:&quot;3&quot;,&quot;cards_columns_tablet&quot;:&quot;2&quot;,&quot;cards_columns_mobile&quot;:&quot;1&quot;,&quot;cards_row_gap&quot;:{&quot;unit&quot;:&quot;px&quot;,&quot;size&quot;:35,&quot;sizes&quot;:[]},&quot;cards_row_gap_tablet&quot;:{&quot;unit&quot;:&quot;px&quot;,&quot;size&quot;:&quot;&quot;,&quot;sizes&quot;:[]},&quot;cards_row_gap_mobile&quot;:{&quot;unit&quot;:&quot;px&quot;,&quot;size&quot;:&quot;&quot;,&quot;sizes&quot;:[]}}\" data-widget_type=\"posts.cards\">\n\t\t\t\t<div class=\"elementor-widget-container\">\n\t\t\t\t\t\t\t<div class=\"elementor-posts-container elementor-posts elementor-posts--skin-cards elementor-grid\" role=\"list\">\n\t\t\t\t<article class=\"elementor-post elementor-grid-item post-2227 post type-post status-publish format-standard has-post-thumbnail hentry category-jobs\" role=\"listitem\">\n\t\t\t<div class=\"elementor-post__card\">\n\t\t\t\t<a class=\"elementor-post__thumbnail__link\" href=\"https:\/\/brasserie.borivage.be\/en\/job-day-bo-rivage-dimanche-23-fevrier\/\" tabindex=\"-1\" ><div class=\"elementor-post__thumbnail\"><img decoding=\"async\" width=\"700\" height=\"440\" src=\"https:\/\/brasserie.borivage.be\/wp-content\/uploads\/2025\/02\/job-day-bo-rivage.png\" class=\"attachment-full size-full wp-image-2232\" alt=\"\" srcset=\"https:\/\/brasserie.borivage.be\/wp-content\/uploads\/2025\/02\/job-day-bo-rivage.png 700w, https:\/\/brasserie.borivage.be\/wp-content\/uploads\/2025\/02\/job-day-bo-rivage-300x189.png 300w, https:\/\/brasserie.borivage.be\/wp-content\/uploads\/2025\/02\/job-day-bo-rivage-18x12.png 18w\" sizes=\"100vw\" \/><\/div><\/a>\n\t\t\t\t<div class=\"elementor-post__text\">\n\t\t\t\t<h3 class=\"elementor-post__title\">\n\t\t\t<a href=\"https:\/\/brasserie.borivage.be\/en\/job-day-bo-rivage-dimanche-23-fevrier\/\" >\n\t\t\t\tJob Day \u00e0 B\u00f4 Rivage \u2013 Dimanche 23 f\u00e9vrier 2025\t\t\t<\/a>\n\t\t<\/h3>\n\t\t\t\t<div class=\"elementor-post__excerpt\">\n\t\t\t<p>Rejoignez notre \u00e9quipe et vivez une exp\u00e9rience unique ! Vous \u00eates \u00e0 la recherche d\u2019un<\/p>\n\t\t<\/div>\n\t\t\t\t\t<div class=\"elementor-post__read-more-wrapper\">\n\t\t\n\t\t<a class=\"elementor-post__read-more\" href=\"https:\/\/brasserie.borivage.be\/en\/job-day-bo-rivage-dimanche-23-fevrier\/\" aria-label=\"Read more about Job Day \u00e0 B\u00f4 Rivage \u2013 Dimanche 23 f\u00e9vrier 2025\" tabindex=\"-1\" >\n\t\t\tLire la suite \u00bb\t\t<\/a>\n\n\t\t\t\t\t<\/div>\n\t\t\t\t<\/div>\n\t\t\t\t\t<\/div>\n\t\t<\/article>\n\t\t\t\t<article class=\"elementor-post elementor-grid-item post-2203 post type-post status-publish format-standard has-post-thumbnail hentry category-jobs\" role=\"listitem\">\n\t\t\t<div class=\"elementor-post__card\">\n\t\t\t\t<a class=\"elementor-post__thumbnail__link\" href=\"https:\/\/brasserie.borivage.be\/en\/rejoignez-notre-equipe-envoyez-votre-candidature-spontanee\/\" tabindex=\"-1\" ><div class=\"elementor-post__thumbnail\"><img decoding=\"async\" width=\"700\" height=\"440\" src=\"https:\/\/brasserie.borivage.be\/wp-content\/uploads\/2025\/02\/student-horeca.png\" class=\"attachment-full size-full wp-image-2205\" alt=\"\" srcset=\"https:\/\/brasserie.borivage.be\/wp-content\/uploads\/2025\/02\/student-horeca.png 700w, https:\/\/brasserie.borivage.be\/wp-content\/uploads\/2025\/02\/student-horeca-300x189.png 300w, https:\/\/brasserie.borivage.be\/wp-content\/uploads\/2025\/02\/student-horeca-18x12.png 18w\" sizes=\"100vw\" \/><\/div><\/a>\n\t\t\t\t<div class=\"elementor-post__text\">\n\t\t\t\t<h3 class=\"elementor-post__title\">\n\t\t\t<a href=\"https:\/\/brasserie.borivage.be\/en\/rejoignez-notre-equipe-envoyez-votre-candidature-spontanee\/\" >\n\t\t\t\tRejoignez notre \u00e9quipe : envoyez votre candidature spontan\u00e9e !\t\t\t<\/a>\n\t\t<\/h3>\n\t\t\t\t<div class=\"elementor-post__excerpt\">\n\t\t\t<p>B\u00f4 Rivage, id\u00e9alement situ\u00e9 au bord du lac de Neufch\u00e2teau, vous offre l\u2019opportunit\u00e9 de faire<\/p>\n\t\t<\/div>\n\t\t\t\t\t<div class=\"elementor-post__read-more-wrapper\">\n\t\t\n\t\t<a class=\"elementor-post__read-more\" href=\"https:\/\/brasserie.borivage.be\/en\/rejoignez-notre-equipe-envoyez-votre-candidature-spontanee\/\" aria-label=\"Read more about Rejoignez notre \u00e9quipe : envoyez votre candidature spontan\u00e9e !\" tabindex=\"-1\" >\n\t\t\tLire la suite \u00bb\t\t<\/a>\n\n\t\t\t\t\t<\/div>\n\t\t\t\t<\/div>\n\t\t\t\t\t<\/div>\n\t\t<\/article>\n\t\t\t\t<article class=\"elementor-post elementor-grid-item post-2013 post type-post status-publish format-standard has-post-thumbnail hentry category-jobs\" role=\"listitem\">\n\t\t\t<div class=\"elementor-post__card\">\n\t\t\t\t<a class=\"elementor-post__thumbnail__link\" href=\"https:\/\/brasserie.borivage.be\/en\/chef-de-rang-h-f-x-brasserie-bo-rivage-neufchateau\/\" tabindex=\"-1\" ><div class=\"elementor-post__thumbnail\"><img loading=\"lazy\" decoding=\"async\" width=\"700\" height=\"440\" src=\"https:\/\/brasserie.borivage.be\/wp-content\/uploads\/2024\/08\/Chef-de-rang-Brasserie-a-Neufchateau-HFX.png\" class=\"attachment-full size-full wp-image-2022\" alt=\"\" srcset=\"https:\/\/brasserie.borivage.be\/wp-content\/uploads\/2024\/08\/Chef-de-rang-Brasserie-a-Neufchateau-HFX.png 700w, https:\/\/brasserie.borivage.be\/wp-content\/uploads\/2024\/08\/Chef-de-rang-Brasserie-a-Neufchateau-HFX-300x189.png 300w, https:\/\/brasserie.borivage.be\/wp-content\/uploads\/2024\/08\/Chef-de-rang-Brasserie-a-Neufchateau-HFX-18x12.png 18w\" sizes=\"100vw\" \/><\/div><\/a>\n\t\t\t\t<div class=\"elementor-post__text\">\n\t\t\t\t<h3 class=\"elementor-post__title\">\n\t\t\t<a href=\"https:\/\/brasserie.borivage.be\/en\/chef-de-rang-h-f-x-brasserie-bo-rivage-neufchateau\/\" >\n\t\t\t\tChef de rang (H\/F\/X) \u2013 Brasserie B\u00f4 Rivage (Neufch\u00e2teau)\t\t\t<\/a>\n\t\t<\/h3>\n\t\t\t\t<div class=\"elementor-post__excerpt\">\n\t\t\t<p>Un poste de Chef de rang \u00e0 la Brasserie est \u00e0 pourvoir pour les t\u00e2ches suivantes :<\/p>\n\t\t<\/div>\n\t\t\t\t\t<div class=\"elementor-post__read-more-wrapper\">\n\t\t\n\t\t<a class=\"elementor-post__read-more\" href=\"https:\/\/brasserie.borivage.be\/en\/chef-de-rang-h-f-x-brasserie-bo-rivage-neufchateau\/\" aria-label=\"Read more about Chef de rang (H\/F\/X) \u2013 Brasserie B\u00f4 Rivage (Neufch\u00e2teau)\" tabindex=\"-1\" >\n\t\t\tLire la suite \u00bb\t\t<\/a>\n\n\t\t\t\t\t<\/div>\n\t\t\t\t<\/div>\n\t\t\t\t\t<\/div>\n\t\t<\/article>\n\t\t\t\t<article class=\"elementor-post elementor-grid-item post-2008 post type-post status-publish format-standard has-post-thumbnail hentry category-jobs\" role=\"listitem\">\n\t\t\t<div class=\"elementor-post__card\">\n\t\t\t\t<a class=\"elementor-post__thumbnail__link\" href=\"https:\/\/brasserie.borivage.be\/en\/cuisinier-h-f-x-brasserie-bo-rivage-neufchateau\/\" tabindex=\"-1\" ><div class=\"elementor-post__thumbnail\"><img loading=\"lazy\" decoding=\"async\" width=\"700\" height=\"440\" src=\"https:\/\/brasserie.borivage.be\/wp-content\/uploads\/2024\/08\/Cuisinier-HFX-\u2013-Brasserie-Bo-Rivage.png\" class=\"attachment-full size-full wp-image-2026\" alt=\"\" srcset=\"https:\/\/brasserie.borivage.be\/wp-content\/uploads\/2024\/08\/Cuisinier-HFX-\u2013-Brasserie-Bo-Rivage.png 700w, https:\/\/brasserie.borivage.be\/wp-content\/uploads\/2024\/08\/Cuisinier-HFX-\u2013-Brasserie-Bo-Rivage-300x189.png 300w, https:\/\/brasserie.borivage.be\/wp-content\/uploads\/2024\/08\/Cuisinier-HFX-\u2013-Brasserie-Bo-Rivage-18x12.png 18w\" sizes=\"100vw\" \/><\/div><\/a>\n\t\t\t\t<div class=\"elementor-post__text\">\n\t\t\t\t<h3 class=\"elementor-post__title\">\n\t\t\t<a href=\"https:\/\/brasserie.borivage.be\/en\/cuisinier-h-f-x-brasserie-bo-rivage-neufchateau\/\" >\n\t\t\t\tCuisinier (H\/F\/X) \u2013 Brasserie B\u00f4 Rivage (Neufch\u00e2teau)\t\t\t<\/a>\n\t\t<\/h3>\n\t\t\t\t<div class=\"elementor-post__excerpt\">\n\t\t\t<p>Un poste de Commis de Cuisine Brasserie est \u00e0 pourvoir pour les t\u00e2ches suivantes :<\/p>\n\t\t<\/div>\n\t\t\t\t\t<div class=\"elementor-post__read-more-wrapper\">\n\t\t\n\t\t<a class=\"elementor-post__read-more\" href=\"https:\/\/brasserie.borivage.be\/en\/cuisinier-h-f-x-brasserie-bo-rivage-neufchateau\/\" aria-label=\"Read more about Cuisinier (H\/F\/X) \u2013 Brasserie B\u00f4 Rivage (Neufch\u00e2teau)\" tabindex=\"-1\" >\n\t\t\tLire la suite \u00bb\t\t<\/a>\n\n\t\t\t\t\t<\/div>\n\t\t\t\t<\/div>\n\t\t\t\t\t<\/div>\n\t\t<\/article>\n\t\t\t\t<article class=\"elementor-post elementor-grid-item post-1823 post type-post status-publish format-standard has-post-thumbnail hentry category-jobs\" role=\"listitem\">\n\t\t\t<div class=\"elementor-post__card\">\n\t\t\t\t<a class=\"elementor-post__thumbnail__link\" href=\"https:\/\/brasserie.borivage.be\/en\/commis-de-cuisine-h-f-x-brasserie-bo-rivage-neufchateau\/\" tabindex=\"-1\" ><div class=\"elementor-post__thumbnail\"><img loading=\"lazy\" decoding=\"async\" width=\"1280\" height=\"1920\" src=\"https:\/\/brasserie.borivage.be\/wp-content\/uploads\/2024\/04\/commis-cuisine.jpg\" class=\"attachment-full size-full wp-image-1875\" alt=\"\" srcset=\"https:\/\/brasserie.borivage.be\/wp-content\/uploads\/2024\/04\/commis-cuisine.jpg 1280w, https:\/\/brasserie.borivage.be\/wp-content\/uploads\/2024\/04\/commis-cuisine-200x300.jpg 200w, https:\/\/brasserie.borivage.be\/wp-content\/uploads\/2024\/04\/commis-cuisine-683x1024.jpg 683w, https:\/\/brasserie.borivage.be\/wp-content\/uploads\/2024\/04\/commis-cuisine-768x1152.jpg 768w, https:\/\/brasserie.borivage.be\/wp-content\/uploads\/2024\/04\/commis-cuisine-1024x1536.jpg 1024w, https:\/\/brasserie.borivage.be\/wp-content\/uploads\/2024\/04\/commis-cuisine-8x12.jpg 8w\" sizes=\"100vw\" \/><\/div><\/a>\n\t\t\t\t<div class=\"elementor-post__text\">\n\t\t\t\t<h3 class=\"elementor-post__title\">\n\t\t\t<a href=\"https:\/\/brasserie.borivage.be\/en\/commis-de-cuisine-h-f-x-brasserie-bo-rivage-neufchateau\/\" >\n\t\t\t\tCommis de cuisine (H\/F\/X) \u2013 Brasserie B\u00f4 Rivage (Neufch\u00e2teau)\t\t\t<\/a>\n\t\t<\/h3>\n\t\t\t\t<div class=\"elementor-post__excerpt\">\n\t\t\t<p>Un poste de Commis de Cuisine Brasserie est \u00e0 pourvoir pour les t\u00e2ches suivantes :<\/p>\n\t\t<\/div>\n\t\t\t\t\t<div class=\"elementor-post__read-more-wrapper\">\n\t\t\n\t\t<a class=\"elementor-post__read-more\" href=\"https:\/\/brasserie.borivage.be\/en\/commis-de-cuisine-h-f-x-brasserie-bo-rivage-neufchateau\/\" aria-label=\"Read more about Commis de cuisine (H\/F\/X) \u2013 Brasserie B\u00f4 Rivage (Neufch\u00e2teau)\" tabindex=\"-1\" >\n\t\t\tLire la suite \u00bb\t\t<\/a>\n\n\t\t\t\t\t<\/div>\n\t\t\t\t<\/div>\n\t\t\t\t\t<\/div>\n\t\t<\/article>\n\t\t\t\t<article class=\"elementor-post elementor-grid-item post-1819 post type-post status-publish format-standard has-post-thumbnail hentry category-jobs\" role=\"listitem\">\n\t\t\t<div class=\"elementor-post__card\">\n\t\t\t\t<a class=\"elementor-post__thumbnail__link\" href=\"https:\/\/brasserie.borivage.be\/en\/chef-de-cuisine-h-f-x-brasserie-bo-rivage-neufchateau\/\" tabindex=\"-1\" ><div class=\"elementor-post__thumbnail\"><img loading=\"lazy\" decoding=\"async\" width=\"1707\" height=\"2560\" src=\"https:\/\/brasserie.borivage.be\/wp-content\/uploads\/2024\/04\/chef-cuisine-scaled.jpg\" class=\"attachment-full size-full wp-image-1867\" alt=\"\" srcset=\"https:\/\/brasserie.borivage.be\/wp-content\/uploads\/2024\/04\/chef-cuisine-scaled.jpg 1707w, https:\/\/brasserie.borivage.be\/wp-content\/uploads\/2024\/04\/chef-cuisine-200x300.jpg 200w, https:\/\/brasserie.borivage.be\/wp-content\/uploads\/2024\/04\/chef-cuisine-683x1024.jpg 683w, https:\/\/brasserie.borivage.be\/wp-content\/uploads\/2024\/04\/chef-cuisine-768x1152.jpg 768w, https:\/\/brasserie.borivage.be\/wp-content\/uploads\/2024\/04\/chef-cuisine-1024x1536.jpg 1024w, https:\/\/brasserie.borivage.be\/wp-content\/uploads\/2024\/04\/chef-cuisine-1365x2048.jpg 1365w, https:\/\/brasserie.borivage.be\/wp-content\/uploads\/2024\/04\/chef-cuisine-8x12.jpg 8w\" sizes=\"100vw\" \/><\/div><\/a>\n\t\t\t\t<div class=\"elementor-post__text\">\n\t\t\t\t<h3 class=\"elementor-post__title\">\n\t\t\t<a href=\"https:\/\/brasserie.borivage.be\/en\/chef-de-cuisine-h-f-x-brasserie-bo-rivage-neufchateau\/\" >\n\t\t\t\tChef de cuisine (H\/F\/X) \u2013 Brasserie B\u00f4 Rivage (Neufch\u00e2teau)\t\t\t<\/a>\n\t\t<\/h3>\n\t\t\t\t<div class=\"elementor-post__excerpt\">\n\t\t\t<p>Un poste de Chef de cuisine Brasserie est \u00e0 pourvoir pour les t\u00e2ches suivantes :<\/p>\n\t\t<\/div>\n\t\t\t\t\t<div class=\"elementor-post__read-more-wrapper\">\n\t\t\n\t\t<a class=\"elementor-post__read-more\" href=\"https:\/\/brasserie.borivage.be\/en\/chef-de-cuisine-h-f-x-brasserie-bo-rivage-neufchateau\/\" aria-label=\"Read more about Chef de cuisine (H\/F\/X) \u2013 Brasserie B\u00f4 Rivage (Neufch\u00e2teau)\" tabindex=\"-1\" >\n\t\t\tLire la suite \u00bb\t\t<\/a>\n\n\t\t\t\t\t<\/div>\n\t\t\t\t<\/div>\n\t\t\t\t\t<\/div>\n\t\t<\/article>\n\t\t\t\t<article class=\"elementor-post elementor-grid-item post-1638 post type-post status-publish format-standard has-post-thumbnail hentry category-jobs\" role=\"listitem\">\n\t\t\t<div class=\"elementor-post__card\">\n\t\t\t\t<a class=\"elementor-post__thumbnail__link\" href=\"https:\/\/brasserie.borivage.be\/en\/barman-brasserie-a-neufchateau-h-f-x\/\" tabindex=\"-1\" ><div class=\"elementor-post__thumbnail\"><img loading=\"lazy\" decoding=\"async\" width=\"900\" height=\"600\" src=\"https:\/\/brasserie.borivage.be\/wp-content\/uploads\/2023\/09\/pexels-andrea-piacquadio-3768056.webp\" class=\"attachment-full size-full wp-image-1639\" alt=\"\" srcset=\"https:\/\/brasserie.borivage.be\/wp-content\/uploads\/2023\/09\/pexels-andrea-piacquadio-3768056.webp 900w, https:\/\/brasserie.borivage.be\/wp-content\/uploads\/2023\/09\/pexels-andrea-piacquadio-3768056-300x200.webp 300w, https:\/\/brasserie.borivage.be\/wp-content\/uploads\/2023\/09\/pexels-andrea-piacquadio-3768056-768x512.webp 768w\" sizes=\"100vw\" \/><\/div><\/a>\n\t\t\t\t<div class=\"elementor-post__text\">\n\t\t\t\t<h3 class=\"elementor-post__title\">\n\t\t\t<a href=\"https:\/\/brasserie.borivage.be\/en\/barman-brasserie-a-neufchateau-h-f-x\/\" >\n\t\t\t\tBarman \u2013 Brasserie \u00e0 Neufch\u00e2teau ( H\/F\/X )\t\t\t<\/a>\n\t\t<\/h3>\n\t\t\t\t<div class=\"elementor-post__excerpt\">\n\t\t\t<p>Un poste de Barman est \u00e0 pourvoir pour les t\u00e2ches suivantes :<\/p>\n\t\t<\/div>\n\t\t\t\t\t<div class=\"elementor-post__read-more-wrapper\">\n\t\t\n\t\t<a class=\"elementor-post__read-more\" href=\"https:\/\/brasserie.borivage.be\/en\/barman-brasserie-a-neufchateau-h-f-x\/\" aria-label=\"Read more about Barman \u2013 Brasserie \u00e0 Neufch\u00e2teau ( H\/F\/X )\" tabindex=\"-1\" >\n\t\t\tLire la suite \u00bb\t\t<\/a>\n\n\t\t\t\t\t<\/div>\n\t\t\t\t<\/div>\n\t\t\t\t\t<\/div>\n\t\t<\/article>\n\t\t\t\t<article class=\"elementor-post elementor-grid-item post-1635 post type-post status-publish format-standard has-post-thumbnail hentry category-jobs\" role=\"listitem\">\n\t\t\t<div class=\"elementor-post__card\">\n\t\t\t\t<a class=\"elementor-post__thumbnail__link\" href=\"https:\/\/brasserie.borivage.be\/en\/serveur-serveuse-brasserie-a-neufchateau-h-f-x\/\" tabindex=\"-1\" ><div class=\"elementor-post__thumbnail\"><img loading=\"lazy\" decoding=\"async\" width=\"900\" height=\"600\" src=\"https:\/\/brasserie.borivage.be\/wp-content\/uploads\/2023\/09\/Zonder-titel-600-x-450-px-3.webp\" class=\"attachment-full size-full wp-image-1636\" alt=\"\" srcset=\"https:\/\/brasserie.borivage.be\/wp-content\/uploads\/2023\/09\/Zonder-titel-600-x-450-px-3.webp 900w, https:\/\/brasserie.borivage.be\/wp-content\/uploads\/2023\/09\/Zonder-titel-600-x-450-px-3-300x200.webp 300w, https:\/\/brasserie.borivage.be\/wp-content\/uploads\/2023\/09\/Zonder-titel-600-x-450-px-3-768x512.webp 768w\" sizes=\"100vw\" \/><\/div><\/a>\n\t\t\t\t<div class=\"elementor-post__text\">\n\t\t\t\t<h3 class=\"elementor-post__title\">\n\t\t\t<a href=\"https:\/\/brasserie.borivage.be\/en\/serveur-serveuse-brasserie-a-neufchateau-h-f-x\/\" >\n\t\t\t\tServeur\/serveuse Brasserie \u00e0 Neufch\u00e2teau ( H\/F\/X )\t\t\t<\/a>\n\t\t<\/h3>\n\t\t\t\t<div class=\"elementor-post__excerpt\">\n\t\t\t<p>Un poste de Gar\u00e7on\/Serveuse Brasserie est \u00e0 pourvoir pour les t\u00e2ches suivantes :<\/p>\n\t\t<\/div>\n\t\t\t\t\t<div class=\"elementor-post__read-more-wrapper\">\n\t\t\n\t\t<a class=\"elementor-post__read-more\" href=\"https:\/\/brasserie.borivage.be\/en\/serveur-serveuse-brasserie-a-neufchateau-h-f-x\/\" aria-label=\"Read more about Serveur\/serveuse Brasserie \u00e0 Neufch\u00e2teau ( H\/F\/X )\" tabindex=\"-1\" >\n\t\t\tLire la suite \u00bb\t\t<\/a>\n\n\t\t\t\t\t<\/div>\n\t\t\t\t<\/div>\n\t\t\t\t\t<\/div>\n\t\t<\/article>\n\t\t\t\t<\/div>\n\t\t\n\t\t\t\t\t\t<\/div>\n\t\t\t\t<\/div>\n\t\t\t\t\t<\/div>\n\t\t<\/div>\n\t\t\t\t\t<\/div>\n\t\t<\/section>\n\t\t\t\t<\/div>\n\t\t","protected":false},"excerpt":{"rendered":"<p>Jobs Facebook Instagram R\u00e9servations Rejoignez notre \u00e9quipe passionn\u00e9e par la restauration ! Vous \u00eates passionn\u00e9(e) par la restauration, la cr\u00e9ation de recettes savoureuses et l\u2019offre d\u2019une exp\u00e9rience client exceptionnelle ? D\u00e9couvrez nos offres d\u2019emploi. Si aucune offre ne correspond \u00e0 votre profil, n&rsquo;h\u00e9sitez pas \u00e0 nous envoyer votre CV \u00e0 direction.neufchateau@florealgroup.be. Vous pr\u00e9f\u00e9rez l\u2019h\u00f4tellerie ? &hellip; <\/p>\n<p class=\"link-more\"><a href=\"https:\/\/brasserie.borivage.be\/en\/serveur-serveuse-brasserie-a-neufchateau-h-f-x\/\" class=\"more-link\">Continue reading<span class=\"screen-reader-text\"> \u00ab\u00a0Serveur\/serveuse Brasserie \u00e0 Neufch\u00e2teau ( H\/F\/X )\u00a0\u00bb<\/span><\/a><\/p>","protected":false},"author":1,"featured_media":0,"parent":0,"menu_order":0,"comment_status":"closed","ping_status":"closed","template":"elementor_header_footer","meta":{"footnotes":""},"class_list":["post-1641","page","type-page","status-publish","hentry"],"_links":{"self":[{"href":"https:\/\/brasserie.borivage.be\/en\/wp-json\/wp\/v2\/pages\/1641","targetHints":{"allow":["GET"]}}],"collection":[{"href":"https:\/\/brasserie.borivage.be\/en\/wp-json\/wp\/v2\/pages"}],"about":[{"href":"https:\/\/brasserie.borivage.be\/en\/wp-json\/wp\/v2\/types\/page"}],"author":[{"embeddable":true,"href":"https:\/\/brasserie.borivage.be\/en\/wp-json\/wp\/v2\/users\/1"}],"replies":[{"embeddable":true,"href":"https:\/\/brasserie.borivage.be\/en\/wp-json\/wp\/v2\/comments?post=1641"}],"version-history":[{"count":52,"href":"https:\/\/brasserie.borivage.be\/en\/wp-json\/wp\/v2\/pages\/1641\/revisions"}],"predecessor-version":[{"id":2274,"href":"https:\/\/brasserie.borivage.be\/en\/wp-json\/wp\/v2\/pages\/1641\/revisions\/2274"}],"wp:attachment":[{"href":"https:\/\/brasserie.borivage.be\/en\/wp-json\/wp\/v2\/media?parent=1641"}],"curies":[{"name":"wp","href":"https:\/\/api.w.org\/{rel}","templated":true}]}}