{"id":258,"date":"2020-07-02T14:03:19","date_gmt":"2020-07-02T12:03:19","guid":{"rendered":"https:\/\/brasserie.borivage.be\/?page_id=258"},"modified":"2024-04-25T12:17:42","modified_gmt":"2024-04-25T10:17:42","slug":"gestion-des-cookies","status":"publish","type":"page","link":"https:\/\/brasserie.borivage.be\/en\/gestion-des-cookies\/","title":{"rendered":"Cookie management"},"content":{"rendered":"<div data-elementor-type=\"wp-page\" data-elementor-id=\"258\" class=\"elementor elementor-258\" data-elementor-post-type=\"page\">\n\t\t\t\t\t\t<section class=\"elementor-section elementor-top-section elementor-element elementor-element-a756174 elementor-section-boxed elementor-section-height-default elementor-section-height-default\" data-id=\"a756174\" data-element_type=\"section\" data-e-type=\"section\">\n\t\t\t\t\t\t<div class=\"elementor-container elementor-column-gap-default\">\n\t\t\t\t\t<div class=\"elementor-column elementor-col-100 elementor-top-column elementor-element elementor-element-8c4c4f8\" data-id=\"8c4c4f8\" data-element_type=\"column\" data-e-type=\"column\">\n\t\t\t<div class=\"elementor-widget-wrap elementor-element-populated\">\n\t\t\t\t\t\t<div class=\"elementor-element elementor-element-e463939 elementor-widget elementor-widget-text-editor\" data-id=\"e463939\" data-element_type=\"widget\" data-e-type=\"widget\" data-widget_type=\"text-editor.default\">\n\t\t\t\t<div class=\"elementor-widget-container\">\n\t\t\t\t\t\t\t\t\t<p><strong>GESTION DES COOKIES<\/strong><\/p>\n<p><strong><br><\/strong><\/p>\n<p><strong><br><\/strong><\/p>\n<p>Ce site utilise des cookies \u2013 de petits fichiers texte qui sont plac\u00e9s sur votre machine pour aider le site \u00e0 fournir une meilleure exp\u00e9rience utilisateur. En g\u00e9n\u00e9ral, les cookies sont utilis\u00e9s pour conserver les pr\u00e9f\u00e9rences de l\u2019utilisateur, stocker des informations pour des choses comme les paniers d\u2019achat et fournir des donn\u00e9es de suivi anonymis\u00e9es \u00e0 des applications tierces comme Google Analytics. En r\u00e8gle g\u00e9n\u00e9rale, les cookies rendront votre exp\u00e9rience de navigation meilleure. Toutefois, vous pouvez pr\u00e9f\u00e9rer d\u00e9sactiver les cookies sur ce site et sur d\u2019autres. Le moyen le plus efficace consiste \u00e0 d\u00e9sactiver les cookies dans votre navigateur. Nous vous sugg\u00e9rons de consulter la section Aide de votre navigateur.<\/p>\n<p><br><\/p>\n<p>Si vous d\u00e9sactivez ce cookie, nous ne pourrons pas enregistrer vos pr\u00e9f\u00e9rences. Cela signifie que chaque fois que vous visitez ce site, vous devrez activer ou d\u00e9sactiver \u00e0 nouveau les cookies.<\/p>\n<p><\/p>\n<p>Vous pouvez \u00e9galement consulter notre politique de confidentialit\u00e9 <a href=\"\/en\/politique-de-confidentialite\/\">ICI<\/a><\/p>\n<p><br><\/p>\t\t\t\t\t\t\t\t<\/div>\n\t\t\t\t<\/div>\n\t\t\t\t\t<\/div>\n\t\t<\/div>\n\t\t\t\t\t<\/div>\n\t\t<\/section>\n\t\t\t\t<\/div>","protected":false},"excerpt":{"rendered":"<p>GESTION DES COOKIES Ce site utilise des cookies \u2013 de petits fichiers texte qui sont plac\u00e9s sur votre machine pour aider le site \u00e0 fournir une meilleure exp\u00e9rience utilisateur. En g\u00e9n\u00e9ral, les cookies sont utilis\u00e9s pour conserver les pr\u00e9f\u00e9rences de l\u2019utilisateur, stocker des informations pour des choses comme les paniers d\u2019achat et fournir des donn\u00e9es &hellip; <\/p>\n<p class=\"link-more\"><a href=\"https:\/\/brasserie.borivage.be\/en\/gestion-des-cookies\/\" class=\"more-link\">Continue reading<span class=\"screen-reader-text\"> \u00ab\u00a0Gestion des cookies\u00a0\u00bb<\/span><\/a><\/p>","protected":false},"author":1,"featured_media":0,"parent":0,"menu_order":0,"comment_status":"closed","ping_status":"closed","template":"elementor_header_footer","meta":{"footnotes":""},"class_list":["post-258","page","type-page","status-publish","hentry"],"_links":{"self":[{"href":"https:\/\/brasserie.borivage.be\/en\/wp-json\/wp\/v2\/pages\/258","targetHints":{"allow":["GET"]}}],"collection":[{"href":"https:\/\/brasserie.borivage.be\/en\/wp-json\/wp\/v2\/pages"}],"about":[{"href":"https:\/\/brasserie.borivage.be\/en\/wp-json\/wp\/v2\/types\/page"}],"author":[{"embeddable":true,"href":"https:\/\/brasserie.borivage.be\/en\/wp-json\/wp\/v2\/users\/1"}],"replies":[{"embeddable":true,"href":"https:\/\/brasserie.borivage.be\/en\/wp-json\/wp\/v2\/comments?post=258"}],"version-history":[{"count":8,"href":"https:\/\/brasserie.borivage.be\/en\/wp-json\/wp\/v2\/pages\/258\/revisions"}],"predecessor-version":[{"id":1924,"href":"https:\/\/brasserie.borivage.be\/en\/wp-json\/wp\/v2\/pages\/258\/revisions\/1924"}],"wp:attachment":[{"href":"https:\/\/brasserie.borivage.be\/en\/wp-json\/wp\/v2\/media?parent=258"}],"curies":[{"name":"wp","href":"https:\/\/api.w.org\/{rel}","templated":true}]}}