{"id":3,"date":"2020-06-22T19:03:16","date_gmt":"2020-06-22T17:03:16","guid":{"rendered":"https:\/\/brasserie.borivage.be\/?page_id=3"},"modified":"2024-04-25T12:19:40","modified_gmt":"2024-04-25T10:19:40","slug":"politique-de-confidentialite","status":"publish","type":"page","link":"https:\/\/brasserie.borivage.be\/en\/politique-de-confidentialite\/","title":{"rendered":"Privacy Policy"},"content":{"rendered":"<div data-elementor-type=\"wp-page\" data-elementor-id=\"3\" class=\"elementor elementor-3\" data-elementor-post-type=\"page\">\n\t\t\t\t\t\t<section class=\"elementor-section elementor-top-section elementor-element elementor-element-566c975 elementor-section-boxed elementor-section-height-default elementor-section-height-default\" data-id=\"566c975\" data-element_type=\"section\" data-e-type=\"section\">\n\t\t\t\t\t\t<div class=\"elementor-container elementor-column-gap-default\">\n\t\t\t\t\t<div class=\"elementor-column elementor-col-100 elementor-top-column elementor-element elementor-element-48b7b815\" data-id=\"48b7b815\" data-element_type=\"column\" data-e-type=\"column\">\n\t\t\t<div class=\"elementor-widget-wrap elementor-element-populated\">\n\t\t\t\t\t\t<div class=\"elementor-element elementor-element-39ada94 elementor-widget elementor-widget-text-editor\" data-id=\"39ada94\" data-element_type=\"widget\" data-e-type=\"widget\" data-widget_type=\"text-editor.default\">\n\t\t\t\t<div class=\"elementor-widget-container\">\n\t\t\t\t\t\t\t\t\t<p><b>POLITIQUE DE CONFIDENTIALITE<\/b><\/p>\n<p><b><br><\/b>Ceci est le site web de <b>BRASSERIE.BORIVAGE.BE<\/b> , dont le si\u00e8ge social est situ\u00e9 1 Chemin du Lac \u00e0 6840 Neufch\u00e2teau (Belgique). <br>Veuillez lire cette politique de confidentialit\u00e9 pour savoir comment vos donn\u00e9es personnelles seront trait\u00e9es.&nbsp;<span style=\"font-weight: 700;\">BRASSERIE.BORIVAGE.BE<\/span>&nbsp;s\u2019engage \u00e0 collecter, traiter et utiliser les informations personnelles de fa\u00e7on conforme \u00e0 cette politique de confidentialit\u00e9. <br>Ce document \u00e9tant susceptible de subir des modifications, nous vous conseillons de le consulter r\u00e9guli\u00e8rement afin de consentir \u00e0 la proc\u00e9dure en vigueur le jour o\u00f9 vous visitez ce site. Aucune modification de notre politique de confidentialit\u00e9 n\u2019aura d\u2019effet r\u00e9troactif \u00e0 moins que la loi n\u2019en dispose autrement.<br>\u2022 Quels sont le cadre et la port\u00e9e juridique de cette politique de confidentialit\u00e9?<br>Les traitements de donn\u00e9es \u00e0 caract\u00e8re personnel relatifs \u00e0 ce site sont soumis \u00e0 la loi belge (Loi du 8 d\u00e9cembre 1992 relative \u00e0 la protection de la vie priv\u00e9e \u00e0 l\u2019\u00e9gard des traitements de donn\u00e9es \u00e0 caract\u00e8re personnel, modifi\u00e9e par la loi du 11 d\u00e9cembre 1998 transposant la directive 95\/46\/CE du 24 octobre 1995 du Parlement europ\u00e9en et du Conseil relative \u00e0 la protection des personnes physiques \u00e0 l\u2019\u00e9gard du traitement de donn\u00e9es \u00e0 caract\u00e8re personnel et \u00e0 la libre circulation de ces donn\u00e9es). Cette politique de confidentialit\u00e9 est valable pour toutes les pages h\u00e9berg\u00e9es sur&nbsp;<span style=\"font-weight: 700;\">BRASSERIE.BORIVAGE.BE<\/span>&nbsp;et pour les enregistrements de ce site.<\/p>\n<p><b>\u2022 Quelles sont les informations collect\u00e9es?<br><\/b>A chaque visite sur notre site web, notre serveur reconna\u00eet automatiquement votre domaine d\u2019origine. Il ne d\u00e9tecte pas automatiquement votre adresse de courrier \u00e9lectronique. Nous conservons les informations suivantes lors de votre visite sur notre site:<br>&#8211; votre domaine;<br>&#8211; votre adresse de courrier \u00e9lectronique si vous nous l\u2019avez transmise, par exemple en envoyant des messages ou questions sur ce site, en communiquant avec nous par courrier \u00e9lectronique, en vous inscrivant en ligne \u00e0 l\u2019un de nos \u00e9v\u00e9nements, en acc\u00e9dant \u00e0 la partie restreinte du site moyennant identification, etc;<br>&#8211; l\u2019ensemble de l\u2019information concernant les pages que vous avez consult\u00e9es sur notre site;<br>&#8211; toute information que vous nous avez donn\u00e9e volontairement, par exemple dans le cadre d\u2019enqu\u00eates d\u2019informations, d\u2019inscription sur le site, ou en acc\u00e9dant \u00e0 la partie restreinte moyennant une identification. Il peut s\u2019agir de votre nom, pr\u00e9nom, adresse, num\u00e9ro de t\u00e9l\u00e9phone,informations d\u00e9mographiques.<\/p>\n<p><b>\u2022 Comment la s\u00e9curit\u00e9 des informations recueillies est-elle assur\u00e9e?<br><\/b>Nous avons mis en place des mesures de s\u00e9curit\u00e9 appropri\u00e9es pour prot\u00e9ger la perte, l\u2019usage abusif ou l\u2019alt\u00e9ration des informations re\u00e7ues sur notre site. Nous prenons toutes les mesures n\u00e9cessaires pour que ces informations soient trait\u00e9es de mani\u00e8re s\u00fbre. Toutefois, aucune transmission de donn\u00e9es sur Internet ne peut \u00eatre garantie \u00e0 100%. Par cons\u00e9quent, nous ne pouvons pas garantir \u00e0 100% la s\u00e9curit\u00e9 des informations qui nous sont transmises.<\/p>\n<p><b>\u2022 Comment est utilis\u00e9e l\u2019information recueillie?<br><\/b>Vos informations sont utilis\u00e9es pour am\u00e9liorer le contenu de notre site, vous informer des mises \u00e0 jour, vous contacter ult\u00e9rieurement ainsi qu\u2019\u00e0 des fins statistiques. <br>&#8211; E-mail: Si vous nous communiquez votre adresse e-mail via le web, vous pourriez recevoir des e-mails de notre part, avec des informations sur nos activit\u00e9s ou \u00e9v\u00e9nements \u00e0 venir. Si vous ne souhaitez pas recevoir de tels e-mails, contactez-nous \u00e0 l\u2019adresse mentionn\u00e9e ci-dessus.<br>&#8211; Adresse postale: Si vous nous communiquez votre adresse postale via le web, vous pourriez recevoir des mailings de notre part, avec des informations sur nos activit\u00e9s ou \u00e9v\u00e9nements \u00e0 venir. Si vous ne souhaitez pas recevoir de tels mailings, contactez-nous \u00e0 l\u2019adresse mentionn\u00e9e ci-dessus. <br>&#8211; Num\u00e9ro de t\u00e9l\u00e9phone: Si vous nous communiquez votre num\u00e9ro de t\u00e9l\u00e9phone via le web, vous pourriez recevoir un appel t\u00e9l\u00e9phonique de notre part. Si vous ne souhaitez pas recevoir de tels appels t\u00e9l\u00e9phoniques, contactez-nous \u00e0 l\u2019adresse mentionn\u00e9e ci-dessous.<\/p>\n<p>La technologie \u00e9volue. Nous pourrions donc \u00eatre amen\u00e9 \u00e0 effectuer des traitements qui ne sont pas encore pr\u00e9vus dans cette police. Dans ce cas, nous vous contacterons avant de r\u00e9utiliser vos donn\u00e9es, afin de vous faire conna\u00eetre les changements du r\u00e8glement et vous donner la possibilit\u00e9 de refuser cette r\u00e9utilisation.<\/p>\n<p>Nous ne partageons pas vos informations personnelles avec des tiers sans votre accord. Ces informations personnelles ne sont utilis\u00e9es que par nous, pour r\u00e9pondre \u00e0 vos demandes et mieux vous servir.<\/p>\n<p>Nous nous r\u00e9servons le droit d\u2019utiliser ou de divulguer toute information si cette utilisation ou cette divulgation s\u2019av\u00e9rait n\u00e9cessaire pour respecter les lois, r\u00e8glements ou toute autre demande l\u00e9gale, pour prot\u00e9ger l\u2019int\u00e9grit\u00e9 du site, pour r\u00e9pondre \u00e0 vos demandes et pour coop\u00e9rer \u00e0 toute proc\u00e9dure judiciaire.<\/p>\n<p><b>\u2022 Quelle utilisation des \u00ab\u00a0cookies\u00a0\u00bb est faite sur ce site?<br><\/b>Les \u00ab\u00a0cookies\u00a0\u00bb sont des fichiers de donn\u00e9es qu\u2019un site Web envoie \u00e0 votre ordinateur durant votre visite sur le site. Ces fichiers contiennent des informations qui permettent \u00e0 notre site de m\u00e9moriser des informations importantes qui rendront votre utilisation du site plus efficace et plus utile. Nous utilisons les \u00ab\u00a0cookies\u00a0\u00bb pour nous permettre de d\u00e9terminer ce qui attire l\u2019attention des visiteurs, fournir un meilleur service et vous offrir un contenu personnalis\u00e9.<\/p>\n<p>Diff\u00e9rents navigateurs et diff\u00e9rents ordinateurs sont utilis\u00e9s par nos visiteurs. Afin de rendre vos visites le plus agr\u00e9able possible tout en tenant en compte du mat\u00e9riel que vous utilisez, nous gardons automatiquement les informations fournies par votre navigateur relatives \u00e0 votre configuration (navigateur, syst\u00e8me, etc.) , ainsi que le nom de domaine de votre fournisseur de services Internet . Nous enregistrons \u00e9galement, et ce d\u2019une mani\u00e8re globale, le nombre de personnes qui visitent notre site pour nous permettre de le mettre \u00e0 jour et de l\u2019am\u00e9liorer.<\/p>\n<p>Aucune information d\u2019identification personnelle n&rsquo;est extraite dans ce processus.<\/p>\n<p>Nous employons la technologie des \u00ab\u00a0cookies\u00a0\u00bb et des adresses IP pour adapter les services offerts par le site \u00e0 chaque visiteur.<\/p>\n<p>Si vous ne voulez pas recevoir de \u00ab\u00a0cookies\u00a0\u00bb, vous pouvez activer la fonction de votre ordinateur pour qu\u2019il vous alerte chaque fois qu\u2019un \u00ab\u00a0cookie\u00a0\u00bb a \u00e9t\u00e9 envoy\u00e9, ou param\u00e9trer votre navigateur pour parer \u00e0 tous \u00ab\u00a0cookies\u00a0\u00bb (consulter le menu HELP de votre navigateur pour savoir la bonne mani\u00e8re de changer ou mettre \u00e0 jour vos \u00ab\u00a0cookies\u00a0\u00bb). Si vous d\u00e9sactivez les \u00ab\u00a0cookies\u00a0\u00bb, vous ne pourrez pas b\u00e9n\u00e9ficier de l&rsquo;ensemble des fonctionnalit\u00e9s propos\u00e9es par notre site.<\/p>\n<p><b>\u2022 Quelle utilisation des balises Web est faite sur ce site?<br><\/b>Certaines de nos pages Web et e-mails de mises \u00e0 jour peuvent contenir des images \u00e9lectroniques appel\u00e9es balises Web (\u00ab\u00a0Web beacons\u00a0\u00bb), quelquefois connues sous le nom de \u00ab\u00a0one pixel GIFs\u00a0\u00bb, \u00ab\u00a0clear GIFs\u00a0\u00bb ou \u00ab\u00a0pixel tags\u00a0\u00bb. Sur les sites Web, celles-ci nous permettent de comptabiliser le nombre de visiteurs qui ont visionn\u00e9 nos pages. Dans les e-mails ou bulletins p\u00e9riodiques, elles nous permettent de comptabiliser le nombre d\u2019abonn\u00e9s ayant lu ces e-mails. Les balises Web nous permettent de constituer des statistiques, elles ne sont pas utilis\u00e9es pour acc\u00e9der sans votre accord \u00e0 des donn\u00e9es permettant de vous identifier personnellement.<\/p>\n<p><b>\u2022 Comment acc\u00e9der \u00e0 vos donn\u00e9es personnelles, les modifier ou les supprimer? <br><\/b>Conform\u00e9ment \u00e0 la loi, vous disposez d\u2019un droit d\u2019acc\u00e8s aux informations qui vous concernent ainsi que d\u2019un droit de correction. Sur requ\u00eate, vous avez la possibilit\u00e9 de conna\u00eetre les donn\u00e9es \u00e0 caract\u00e8re personnel vous concernant et de les corriger. Si vous souhaitez exercer ces droits, contactez-nous \u00e0 l\u2019adresse mentionn\u00e9e ci-dessous.<\/p>\n<p>Si vous d\u00e9sirez que nous acc\u00e9dions, mettions \u00e0 jour, changions ou supprimions les informations que nous avons sur vous (en dehors des restrictions l\u00e9gales applicables), si vous ne voulez plus recevoir de communications de notre part, ou encore si vous souhaitez r\u00e9agir \u00e0 l\u2019une des pratiques d\u00e9crites ci-dessus, vous pouvez nous contacter \u00e0<b> INFO@BRASSERIE.BORIVAGE.BE<\/b> , nous \u00e9crire par voie postale ou nous appeler au <b>+32(0) 470 10 25 55<\/b>.<\/p>\n<p><b>Nous contacter<\/b><\/p>\n<p><b><br><\/b>BRASSERIE B\u00d4 RIVAGE<br>1 Chemin du Lac<br>6840 Neufch\u00e2teau \u2013 Belgique<br>info@brasserieborivage.be<\/p>\n<p><b>Mises \u00e0 jour 25\/04\/2024<br><\/b>La pr\u00e9sente Politique de confidentialit\u00e9 peut \u00eatre mise \u00e0 jour p\u00e9riodiquement et sans pr\u00e9avis afin de refl\u00e9ter les changements dans nos pratiques de traitement des informations personnelles.<\/p>\t\t\t\t\t\t\t\t<\/div>\n\t\t\t\t<\/div>\n\t\t\t\t\t<\/div>\n\t\t<\/div>\n\t\t\t\t\t<\/div>\n\t\t<\/section>\n\t\t\t\t<\/div>","protected":false},"excerpt":{"rendered":"<p>POLITIQUE DE CONFIDENTIALITE Ceci est le site web de BRASSERIE.BORIVAGE.BE , dont le si\u00e8ge social est situ\u00e9 1 Chemin du Lac \u00e0 6840 Neufch\u00e2teau (Belgique). Veuillez lire cette politique de confidentialit\u00e9 pour savoir comment vos donn\u00e9es personnelles seront trait\u00e9es.&nbsp;BRASSERIE.BORIVAGE.BE&nbsp;s\u2019engage \u00e0 collecter, traiter et utiliser les informations personnelles de fa\u00e7on conforme \u00e0 cette politique de confidentialit\u00e9. &hellip; <\/p>\n<p class=\"link-more\"><a href=\"https:\/\/brasserie.borivage.be\/en\/politique-de-confidentialite\/\" class=\"more-link\">Continue reading<span class=\"screen-reader-text\"> \u00ab\u00a0Politique de confidentialit\u00e9\u00a0\u00bb<\/span><\/a><\/p>","protected":false},"author":1,"featured_media":0,"parent":0,"menu_order":0,"comment_status":"closed","ping_status":"open","template":"elementor_header_footer","meta":{"footnotes":""},"class_list":["post-3","page","type-page","status-publish","hentry"],"_links":{"self":[{"href":"https:\/\/brasserie.borivage.be\/en\/wp-json\/wp\/v2\/pages\/3","targetHints":{"allow":["GET"]}}],"collection":[{"href":"https:\/\/brasserie.borivage.be\/en\/wp-json\/wp\/v2\/pages"}],"about":[{"href":"https:\/\/brasserie.borivage.be\/en\/wp-json\/wp\/v2\/types\/page"}],"author":[{"embeddable":true,"href":"https:\/\/brasserie.borivage.be\/en\/wp-json\/wp\/v2\/users\/1"}],"replies":[{"embeddable":true,"href":"https:\/\/brasserie.borivage.be\/en\/wp-json\/wp\/v2\/comments?post=3"}],"version-history":[{"count":8,"href":"https:\/\/brasserie.borivage.be\/en\/wp-json\/wp\/v2\/pages\/3\/revisions"}],"predecessor-version":[{"id":1928,"href":"https:\/\/brasserie.borivage.be\/en\/wp-json\/wp\/v2\/pages\/3\/revisions\/1928"}],"wp:attachment":[{"href":"https:\/\/brasserie.borivage.be\/en\/wp-json\/wp\/v2\/media?parent=3"}],"curies":[{"name":"wp","href":"https:\/\/api.w.org\/{rel}","templated":true}]}}